{"id":9410,"date":"2019-06-24T11:51:42","date_gmt":"2019-06-24T09:51:42","guid":{"rendered":"https:\/\/www.caraa.fr\/?page_id=9410"},"modified":"2019-06-26T15:06:43","modified_gmt":"2019-06-26T13:06:43","slug":"cookies-policy","status":"publish","type":"page","link":"https:\/\/www.caraa.fr\/en\/cookies-policy\/","title":{"rendered":"Cookie policy"},"content":{"rendered":"<p><em>This cookie statement was last updated on 24 June 2019 and applies to citizens of the European Economic Area.<\/em><\/p>\n<h3>1 Introduction<\/h3>\n<p>Our website, <a href=\"https:\/\/www.caraa.fr\/en\/\">https:\/\/www.caraa.fr\/en\/<\/a> (hereinafter: \u201cthe website\u201d) uses cookies and other related technologies (for convenience all technologies are referred to as \u201ccookies\u201d). Cookies are also placed by third parties we have engaged. In the document below we inform you about the use of cookies on our website.<\/p>\n<h3>2 What are cookies<\/h3>\n<p>A cookie is a small simple file that is sent along with pages of this website and stored by your browser on the hard drive of your computer or another device. The information stored therein may be returned to our servers or to the servers of the relevant third parties during a subsequent visit.<\/p>\n<h3>3 What are scripts?<\/h3>\n<p>A script is a piece of programme code that is used to make our website function properly and interactively. This code is executed on our server or on your device.<\/p>\n<h3>4 What is a webbeacon?<\/h3>\n<p>A web beacon (or a pixel tag) is a small, invisible piece of text or image on a website that is used to monitor traffic on a website. In order to do this, various data about you is stored using web beacons.<\/p>\n<h3>5 Consent<\/h3>\n<p>When you visit our website for the first time, we will show you a pop-up with an explanation about cookies. As soon as you click on \u201cAll cookies\u201d, you consent to us using all cookies and plug-ins as described in the pop-up and this cookie statement. You can disable the use of cookies via your browser, but please note that our website may no longer work properly.<\/p>\n<h3>6 Third parties<\/h3>\n<p>We have made agreements about the use of cookies with other companies that place cookies. However, we cannot guarantee that these third parties handle your personal data in a reliable or secure manner. Parties such as Google are to be considered as independent data controllers within the meaning of the General Data Protection Regulation. We recommend that you read the privacy statements of these companies.<\/p>\n<h3>7 Cookies<\/h3>\n<div>7.1 Technical or functional cookies<\/div>\n<p>Some cookies ensure that certain parts of the website work properly and that your user preferences remain known. By placing functional cookies, we make it easier for you to visit our website. This way, you do not need to repeatedly enter the same information when visiting our website and, for example, the items remain in your shopping cart until you have paid. We may place these cookies without your consent.<\/p>\n<div>7.2 Advertising cookies<\/div>\n<p>We do not use any advertising cookies on this website.<\/p>\n<div>7.3 Social media buttons<\/div>\n<p>On our website we do not use social media buttons to promote web pages or share them on social networks.<\/p>\n<h3>8 Placed cookies<\/h3>\n<table>\n<tbody>\n<tr>\n<td colspan=\"2\"><strong>Google Analytics<\/strong><\/td>\n<\/tr>\n<tr>\n<td colspan=\"2\">Purpose: Performance<br \/>\nRetention period: D\u2019une session jusqu\u2019\u00e0 deux ans<br \/>\nDescription: Nous utilisons Google Analytics, un service de statistiques web fourni par Google. Google Analytics utilise des cookies qui nous permettent d\u2019analyser l\u2019utilisation de notre site web et de compiler des rapports sur l\u2019activit\u00e9 du site web et l\u2019utilisation d\u2019Internet.<\/td>\n<\/tr>\n<tr>\n<td>Used names<\/td>\n<td>Sharing<\/td>\n<\/tr>\n<tr>\n<td>_ga, _gid, _gat, _gaexp, _utm, __utmc, UTMD_, __utmv, __utmz, _gat_gtag_UA_ID, gadwp_wg_default_view, gadwp_wg_default_swmetric, gadwp_wg_default_metric, gadwp_wg_default_dimension, gadwp_ir_default_dimension, gadwp_ir_default_swmetric, gadwp_ir_default_metric<\/td>\n<td><a href=\"https:\/\/policies.google.com\/privacy\">Privacy statement<\/a><\/td>\n<\/tr>\n<\/tbody>\n<\/table>\n<table>\n<tbody>\n<tr>\n<td colspan=\"2\"><strong>WPML<\/strong><\/td>\n<\/tr>\n<tr>\n<td colspan=\"2\">Purpose:<br \/>\nRetention period:<br \/>\nDescription: WPML est un cookie utilis\u00e9 pour fournir diff\u00e9rentes langues pour un utilisateur. En outre, il v\u00e9rifie quelle langue un utilisateur utilise.<\/td>\n<\/tr>\n<tr>\n<td>Used names<\/td>\n<td>Sharing<\/td>\n<\/tr>\n<tr>\n<td>wpml_browser_redirect_test, _icl_current_language, _icl_visitor_lang_js, _icl_current_admin_language_<\/td>\n<td><a href=\"\/?page_id=9410\">Privacy statement<\/a><\/td>\n<\/tr>\n<\/tbody>\n<\/table>\n<table>\n<tbody>\n<tr>\n<td colspan=\"2\"><strong>JetPack<\/strong><\/td>\n<\/tr>\n<tr>\n<td colspan=\"2\">Purpose:<br \/>\nRetention period:<br \/>\nDescription:<\/td>\n<\/tr>\n<tr>\n<td>Used names<\/td>\n<td>Sharing<\/td>\n<\/tr>\n<tr>\n<td>tk_tc, tk_qs, tk_ai, jetpackState<\/td>\n<td><a href=\"\/?page_id=9410\">Privacy statement<\/a><\/td>\n<\/tr>\n<\/tbody>\n<\/table>\n<table>\n<tbody>\n<tr>\n<td colspan=\"2\"><strong>WordPress<\/strong><\/td>\n<\/tr>\n<tr>\n<td colspan=\"2\">Purpose: Cookie de connexion WordPress<br \/>\nRetention period: 30 jours<br \/>\nDescription: Un cookie pour vous maintenir connect\u00e9(e)<\/td>\n<\/tr>\n<tr>\n<td>Used names<\/td>\n<td>Sharing<\/td>\n<\/tr>\n<tr>\n<td>_wordpress_<\/td>\n<td><a href=\"\/?page_id=9410\">Privacy statement<\/a><\/td>\n<\/tr>\n<\/tbody>\n<\/table>\n<table>\n<tbody>\n<tr>\n<td colspan=\"2\"><strong>WordFence<\/strong><\/td>\n<\/tr>\n<tr>\n<td colspan=\"2\">Purpose:<br \/>\nRetention period:<br \/>\nDescription: Suit une dur\u00e9e d\u2019utilisateur afin de pouvoir regrouper les pages vues.<\/td>\n<\/tr>\n<tr>\n<td>Used names<\/td>\n<td>Sharing<\/td>\n<\/tr>\n<tr>\n<td>wfvt_xxxxxx, wordfence_verifiedHuman, wfwaf-authcookie, wfwaf-authcookie-partial_, wf-scan-issue-expanded-1<\/td>\n<td><a href=\"\/?page_id=9410\">Privacy statement<\/a><\/td>\n<\/tr>\n<\/tbody>\n<\/table>\n<table>\n<tbody>\n<tr>\n<td colspan=\"2\"><strong>Algolia<\/strong><\/td>\n<\/tr>\n<tr>\n<td colspan=\"2\">Purpose: Ce cookie permet d\u2019utiliser la fonction de recherche d\u2019Algolia sur notre site web.<br \/>\nRetention period: 365 jours<br \/>\nDescription: Ce cookie permet d\u2019utiliser la fonction de recherche d\u2019Algolia sur notre site web.<\/td>\n<\/tr>\n<tr>\n<td>Used names<\/td>\n<td>Sharing<\/td>\n<\/tr>\n<tr>\n<td>algoliasearch-client-js<\/td>\n<td><a href=\"\/?page_id=9410\">Privacy statement<\/a><\/td>\n<\/tr>\n<\/tbody>\n<\/table>\n<table>\n<tbody>\n<tr>\n<td colspan=\"2\"><strong>Max Mega Menu<\/strong><\/td>\n<\/tr>\n<tr>\n<td colspan=\"2\">Purpose: Ce cookie est utilis\u00e9 pour afficher un grand menu en hauteur afin d\u2019am\u00e9liorer l\u2019exp\u00e9rience utilisateur.<br \/>\nRetention period: 365 jours<br \/>\nDescription: Ce cookie est utilis\u00e9 pour afficher un grand menu en hauteur afin d\u2019am\u00e9liorer l\u2019exp\u00e9rience utilisateur.<\/td>\n<\/tr>\n<tr>\n<td>Used names<\/td>\n<td>Sharing<\/td>\n<\/tr>\n<tr>\n<td>maxmegamenu.themeeditor<\/td>\n<td><a href=\"\/?page_id=9410\">Privacy statement<\/a><\/td>\n<\/tr>\n<\/tbody>\n<\/table>\n<table>\n<tbody>\n<tr>\n<td colspan=\"2\"><strong>WP_API Schema<\/strong><\/td>\n<\/tr>\n<tr>\n<td colspan=\"2\">Purpose: Ce cookie permet de fournir un balisage Schema JSON-LD ou SEO pour des articles, \u00e9v\u00e9nements, commerces locaux, produits, recettes, revues, et bien plus encore.<br \/>\nRetention period: 365 jours<br \/>\nDescription: Ce cookie permet de fournir un balisage Schema JSON-LD ou SEO pour des articles, \u00e9v\u00e9nements, commerces locaux, produits, recettes, revues, et bien plus encore.<\/td>\n<\/tr>\n<tr>\n<td>Used names<\/td>\n<td>Sharing<\/td>\n<\/tr>\n<tr>\n<td>wp-api-schema-model, wp-api-schema-model_xxxxxx<\/td>\n<td><a href=\"\/?page_id=9410\">Privacy statement<\/a><\/td>\n<\/tr>\n<\/tbody>\n<\/table>\n<table>\n<tbody>\n<tr>\n<td colspan=\"2\"><strong>Google Recaptcha<\/strong><\/td>\n<\/tr>\n<tr>\n<td colspan=\"2\">Purpose:<br \/>\nRetention period:<br \/>\nDescription:<\/td>\n<\/tr>\n<tr>\n<td>Used names<\/td>\n<td>Sharing<\/td>\n<\/tr>\n<tr>\n<td>&nbsp;<\/td>\n<td><a href=\"https:\/\/policies.google.com\/privacy\">Privacy statement<\/a><\/td>\n<\/tr>\n<\/tbody>\n<\/table>\n<h3>9 Your rights with respect to personal data<\/h3>\n<p>You have the following rights with respect to your personal data:<\/p>\n<ul>\n<li>You have the right to know why your personal data is needed, what will happen to it, and how long it will be retained for.<\/li>\n<li>Right of access: You have the right to access your personal data that is known to us.<\/li>\n<li>Right to rectification: you have the right to supplement, correct, have deleted or blocked your personal data whenever you wish.<\/li>\n<li>If you give us your consent to process your data, you have the right to revoke that consent and to have your personal data deleted.<\/li>\n<li>Right to transfer your data: you have the right to request all your personal data from the controller and transfer it in its entirety to another controller.<\/li>\n<li>Right to object: you may object to the processing of your data. We comply with this, unless there are justified grounds for processing.<\/li>\n<\/ul>\n<p>To exercise these rights, please contact us. Please refer to the contact details at the bottom of this cookie statement. If you have a complaint about how we handle your data, we would like to hear from you, but you also have the right to submit a complaint to the supervisory authority (the Data Protection Authority).<\/p>\n<h3>10 Enabling\/disabling and deleting cookies<\/h3>\n<p>You can use your internet browser to automatically or manually delete cookies. You can also specify that certain cookies may not be placed. Another option is to change the settings of your internet browser so that you receive a message each time a cookie is placed. For more information about these options, please refer to the instructions in the Help section of your browser. Or you can indicate your preferences on the following page: www.youronlinechoices.eu.<\/p>\n<p>Please note that our website may not work properly if all cookies are disabled. If you do delete the cookies in your browser, they will be placed again after your consent when you visit our websites again.<\/p>\n<h3>11 Contact details<\/h3>\n<p>For questions and\/or comments about our cookie policy and this statement, please contact us by using the following contact details:<\/p>\n<p>CARAA \u2013 Centre de Recherche en Art et Arch\u00e9ologie<br \/>\n41 ter, rue Anatole France \u2013 94270 Le Kremlin-Bic\u00eatre<br \/>\nFrance<br \/>\nWebsite: <a href=\"https:\/\/www.caraa.fr\/en\/\">https:\/\/www.caraa.fr\/en\/<\/a><br \/>\nEmail: contact@caraa.fr<br \/>\nPhone number: 06 19 52 21 15<\/p>\n","protected":false},"excerpt":{"rendered":"<p>This cookie statement was last updated on 24 June 2019 and applies to citizens of the European Economic Area. 1 Introduction Our website, https:\/\/www.caraa.fr\/en\/ (hereinafter: \u201cthe website\u201d) uses cookies and other related technologies (for convenience all technologies are referred to as \u201ccookies\u201d). Cookies are also placed by third parties we have engaged. In the document&hellip;<\/p>\n","protected":false},"author":6,"featured_media":0,"parent":0,"menu_order":0,"comment_status":"closed","ping_status":"closed","template":"","meta":{"_acf_changed":false,"ngg_post_thumbnail":0,"_FSMCFIC_featured_image_caption":"","_FSMCFIC_featured_image_nocaption":"","_FSMCFIC_featured_image_hide":"","footnotes":""},"class_list":["post-9410","page","type-page","status-publish","hentry","description-off"],"acf":[],"yoast_head":"<!-- This site is optimized with the Yoast SEO plugin v27.5 - https:\/\/yoast.com\/product\/yoast-seo-wordpress\/ -->\n<title>Cookie policy - CARAA<\/title>\n<meta name=\"robots\" content=\"index, follow, max-snippet:-1, max-image-preview:large, max-video-preview:-1\" \/>\n<link rel=\"canonical\" href=\"https:\/\/www.caraa.fr\/en\/cookies-policy\/\" \/>\n<meta property=\"og:locale\" content=\"en_US\" \/>\n<meta property=\"og:type\" content=\"article\" \/>\n<meta property=\"og:title\" content=\"Cookie policy - CARAA\" \/>\n<meta property=\"og:description\" content=\"This cookie statement was last updated on 24 June 2019 and applies to citizens of the European Economic Area. 1 Introduction Our website, https:\/\/www.caraa.fr\/en\/ (hereinafter: \u201cthe website\u201d) uses cookies and other related technologies (for convenience all technologies are referred to as \u201ccookies\u201d). Cookies are also placed by third parties we have engaged. In the document&hellip;\" \/>\n<meta property=\"og:url\" content=\"https:\/\/www.caraa.fr\/en\/cookies-policy\/\" \/>\n<meta property=\"og:site_name\" content=\"CARAA\" \/>\n<meta property=\"article:publisher\" content=\"https:\/\/www.facebook.com\/LaboratoireCaraa\/\" \/>\n<meta property=\"article:modified_time\" content=\"2019-06-26T13:06:43+00:00\" \/>\n<meta name=\"twitter:card\" content=\"summary_large_image\" \/>\n<meta name=\"twitter:site\" content=\"@CARAA_Center\" \/>\n<meta name=\"twitter:label1\" content=\"Est. reading time\" \/>\n\t<meta name=\"twitter:data1\" content=\"6 minutes\" \/>\n<script type=\"application\/ld+json\" class=\"yoast-schema-graph\">{\"@context\":\"https:\\\/\\\/schema.org\",\"@graph\":[{\"@type\":\"WebPage\",\"@id\":\"https:\\\/\\\/www.caraa.fr\\\/en\\\/cookies-policy\\\/\",\"url\":\"https:\\\/\\\/www.caraa.fr\\\/en\\\/cookies-policy\\\/\",\"name\":\"Cookie policy - CARAA\",\"isPartOf\":{\"@id\":\"https:\\\/\\\/www.caraa.fr\\\/en\\\/#website\"},\"datePublished\":\"2019-06-24T09:51:42+00:00\",\"dateModified\":\"2019-06-26T13:06:43+00:00\",\"inLanguage\":\"en-US\",\"potentialAction\":[{\"@type\":\"ReadAction\",\"target\":[\"https:\\\/\\\/www.caraa.fr\\\/en\\\/cookies-policy\\\/\"]}]},{\"@type\":\"WebSite\",\"@id\":\"https:\\\/\\\/www.caraa.fr\\\/en\\\/#website\",\"url\":\"https:\\\/\\\/www.caraa.fr\\\/en\\\/\",\"name\":\"CARAA\",\"description\":\"Centre d&#039;Analyses et de Recherche en Art et Arch\u00e9ologie\",\"publisher\":{\"@id\":\"https:\\\/\\\/www.caraa.fr\\\/en\\\/#organization\"},\"potentialAction\":[{\"@type\":\"SearchAction\",\"target\":{\"@type\":\"EntryPoint\",\"urlTemplate\":\"https:\\\/\\\/www.caraa.fr\\\/en\\\/?s={search_term_string}\"},\"query-input\":{\"@type\":\"PropertyValueSpecification\",\"valueRequired\":true,\"valueName\":\"search_term_string\"}}],\"inLanguage\":\"en-US\"},{\"@type\":\"Organization\",\"@id\":\"https:\\\/\\\/www.caraa.fr\\\/en\\\/#organization\",\"name\":\"CARAA - Centre d'Analyses et de Recherche en Art et Arch\u00e9ologie\",\"url\":\"https:\\\/\\\/www.caraa.fr\\\/en\\\/\",\"logo\":{\"@type\":\"ImageObject\",\"inLanguage\":\"en-US\",\"@id\":\"https:\\\/\\\/www.caraa.fr\\\/en\\\/#\\\/schema\\\/logo\\\/image\\\/\",\"url\":\"https:\\\/\\\/www.caraa.fr\\\/wp-content\\\/uploads\\\/2023\\\/03\\\/logoCaraa.png\",\"contentUrl\":\"https:\\\/\\\/www.caraa.fr\\\/wp-content\\\/uploads\\\/2023\\\/03\\\/logoCaraa.png\",\"width\":221,\"height\":76,\"caption\":\"CARAA - Centre d'Analyses et de Recherche en Art et Arch\u00e9ologie\"},\"image\":{\"@id\":\"https:\\\/\\\/www.caraa.fr\\\/en\\\/#\\\/schema\\\/logo\\\/image\\\/\"},\"sameAs\":[\"https:\\\/\\\/www.facebook.com\\\/LaboratoireCaraa\\\/\",\"https:\\\/\\\/x.com\\\/CARAA_Center\",\"https:\\\/\\\/www.linkedin.com\\\/company-beta\\\/784247\\\/\"]}]}<\/script>\n<!-- \/ Yoast SEO plugin. -->","yoast_head_json":{"title":"Cookie policy - CARAA","robots":{"index":"index","follow":"follow","max-snippet":"max-snippet:-1","max-image-preview":"max-image-preview:large","max-video-preview":"max-video-preview:-1"},"canonical":"https:\/\/www.caraa.fr\/en\/cookies-policy\/","og_locale":"en_US","og_type":"article","og_title":"Cookie policy - CARAA","og_description":"This cookie statement was last updated on 24 June 2019 and applies to citizens of the European Economic Area. 1 Introduction Our website, https:\/\/www.caraa.fr\/en\/ (hereinafter: \u201cthe website\u201d) uses cookies and other related technologies (for convenience all technologies are referred to as \u201ccookies\u201d). Cookies are also placed by third parties we have engaged. In the document&hellip;","og_url":"https:\/\/www.caraa.fr\/en\/cookies-policy\/","og_site_name":"CARAA","article_publisher":"https:\/\/www.facebook.com\/LaboratoireCaraa\/","article_modified_time":"2019-06-26T13:06:43+00:00","twitter_card":"summary_large_image","twitter_site":"@CARAA_Center","twitter_misc":{"Est. reading time":"6 minutes"},"schema":{"@context":"https:\/\/schema.org","@graph":[{"@type":"WebPage","@id":"https:\/\/www.caraa.fr\/en\/cookies-policy\/","url":"https:\/\/www.caraa.fr\/en\/cookies-policy\/","name":"Cookie policy - CARAA","isPartOf":{"@id":"https:\/\/www.caraa.fr\/en\/#website"},"datePublished":"2019-06-24T09:51:42+00:00","dateModified":"2019-06-26T13:06:43+00:00","inLanguage":"en-US","potentialAction":[{"@type":"ReadAction","target":["https:\/\/www.caraa.fr\/en\/cookies-policy\/"]}]},{"@type":"WebSite","@id":"https:\/\/www.caraa.fr\/en\/#website","url":"https:\/\/www.caraa.fr\/en\/","name":"CARAA","description":"Centre d&#039;Analyses et de Recherche en Art et Arch\u00e9ologie","publisher":{"@id":"https:\/\/www.caraa.fr\/en\/#organization"},"potentialAction":[{"@type":"SearchAction","target":{"@type":"EntryPoint","urlTemplate":"https:\/\/www.caraa.fr\/en\/?s={search_term_string}"},"query-input":{"@type":"PropertyValueSpecification","valueRequired":true,"valueName":"search_term_string"}}],"inLanguage":"en-US"},{"@type":"Organization","@id":"https:\/\/www.caraa.fr\/en\/#organization","name":"CARAA - Centre d'Analyses et de Recherche en Art et Arch\u00e9ologie","url":"https:\/\/www.caraa.fr\/en\/","logo":{"@type":"ImageObject","inLanguage":"en-US","@id":"https:\/\/www.caraa.fr\/en\/#\/schema\/logo\/image\/","url":"https:\/\/www.caraa.fr\/wp-content\/uploads\/2023\/03\/logoCaraa.png","contentUrl":"https:\/\/www.caraa.fr\/wp-content\/uploads\/2023\/03\/logoCaraa.png","width":221,"height":76,"caption":"CARAA - Centre d'Analyses et de Recherche en Art et Arch\u00e9ologie"},"image":{"@id":"https:\/\/www.caraa.fr\/en\/#\/schema\/logo\/image\/"},"sameAs":["https:\/\/www.facebook.com\/LaboratoireCaraa\/","https:\/\/x.com\/CARAA_Center","https:\/\/www.linkedin.com\/company-beta\/784247\/"]}]}},"_links":{"self":[{"href":"https:\/\/www.caraa.fr\/en\/wp-json\/wp\/v2\/pages\/9410","targetHints":{"allow":["GET"]}}],"collection":[{"href":"https:\/\/www.caraa.fr\/en\/wp-json\/wp\/v2\/pages"}],"about":[{"href":"https:\/\/www.caraa.fr\/en\/wp-json\/wp\/v2\/types\/page"}],"author":[{"embeddable":true,"href":"https:\/\/www.caraa.fr\/en\/wp-json\/wp\/v2\/users\/6"}],"replies":[{"embeddable":true,"href":"https:\/\/www.caraa.fr\/en\/wp-json\/wp\/v2\/comments?post=9410"}],"version-history":[{"count":0,"href":"https:\/\/www.caraa.fr\/en\/wp-json\/wp\/v2\/pages\/9410\/revisions"}],"wp:attachment":[{"href":"https:\/\/www.caraa.fr\/en\/wp-json\/wp\/v2\/media?parent=9410"}],"curies":[{"name":"wp","href":"https:\/\/api.w.org\/{rel}","templated":true}]}}