{"id":8086,"date":"2014-09-18T16:48:55","date_gmt":"2014-09-18T15:48:55","guid":{"rendered":"https:\/\/www.caraa.fr\/clients-2\/"},"modified":"2022-07-08T12:53:34","modified_gmt":"2022-07-08T10:53:34","slug":"who-we-are","status":"publish","type":"page","link":"https:\/\/www.caraa.fr\/en\/who-we-are\/","title":{"rendered":"Who we are"},"content":{"rendered":"<div class=\"wpb-content-wrapper\"><p>[vc_row][vc_column][vc_column_text]<strong>CARAA is an analytical research unit which applies the most suitable and modern physico-chemical techniques existing for cultural heritage and art market in order to answer questions related to the conservation, restoration, dating, characterization or authentication of art objects.<\/strong><\/p>\n<p><span id=\"result_box\" class=\"short_text\" lang=\"en\" tabindex=\"-1\"><span class=\"hps\">The<\/span> <span class=\"hps\">main lines of research <\/span><span class=\"hps\">developed<\/span> at <span class=\"hps\">CARAA<\/span><span class=\"\">:<\/span><\/span><\/p>\n<p>&#8211; <strong><a href=\"\/?cat_ID=25\" target=\"_blank\" rel=\"noopener noreferrer\">Material characterization<\/a><\/strong> and degradation phenomena study.<br \/>\n&#8211; <strong><a href=\"\/?cat_ID=28\" target=\"_blank\" rel=\"noopener noreferrer\">Works of art authentication<\/a><\/strong> and <span id=\"result_box\" class=\"\" lang=\"en\" tabindex=\"-1\"><span class=\"hps\">their<\/span> <span class=\"hps\">consistency<\/span> <span class=\"hps\">with the material and resources available<\/span> <span class=\"hps\">to the presumed date<\/span><span class=\"hps\">.<\/span><\/span><br \/>\n&#8211; <strong><a href=\"\/?cat_ID=24\" target=\"_blank\" rel=\"noopener noreferrer\">Direct dating<\/a><\/strong> using different techniques according to the analyzed material : thermoluminescence, 14C, ESR, U\/Th, dendrochronology.<\/p>\n<p>CARAA works with a network of institutional laboratories and in agreement with various academic institutions in order to respond accurately to each issue.<\/p>\n<p>All studies are subject to a detailed and reviewed report, including the operating conditions, the results and their interpretation.[\/vc_column_text][vc_text_separator title=&#8221;History&#8221;][vc_column_text]CARAA was created in 2010 by Michel Bouchard, a chemist by training that holds a PhD in archaeometry and spectroscopy from the&nbsp;<strong>National Museum of Natural History<\/strong>&nbsp;in Paris. After obtaining his PhD in 2001, Michel Bouchard was a research engineer at the&nbsp;<strong>CNRS<\/strong>&nbsp;until 2005, working in particular on the study of metal oxides (Lille) or the degradation of varnishes by UV light (Paris).<\/p>\n<p>In 2006, he joined the&nbsp;<strong>Getty Conservation Institute<\/strong>&nbsp;in Los Angeles as a Conservation scientist, working on the collections and museum acquisitions. In 2009, Michel Bouchard left the Getty Museum to create CARAA, an analytical laboratory dedicated to curators, conservators and professionals from the art market; in 2012, he has been nominated as Expert before the Court of Appeal of Paris;&nbsp;<span id=\"result_box\" class=\"\" lang=\"en\"><span class=\"\">in 2015 he has been appointed assessor to the Commission of Conciliation and Customs Expertise (CCED).<\/span><\/span><\/p>\n<p>Research projects undertaken to date by Michel Bouchard involve most of the materials present in art and archeology.<\/p>\n<p><strong>With the experience of its founder and his collaborations, CARAA can meet all the needs of professionals of Art.<\/strong>[\/vc_column_text][vc_text_separator title=&#8221;Our values&#8221;][vc_column_text]<span id=\"result_box\" lang=\"en\" tabindex=\"-1\"><strong>Privacy.<\/strong> The organization at CARAA is designed so that in all working conditions, your data are used only for internal use. We strive to maintain strict confidentiality either during the reception or the delivery of the results. We strive to ensure that the storage of the results also respects this confidentiality, without preventing the&nbsp;reissue of these result punctually, on your request, as a complimentary service.<\/span><\/p>\n<p><span id=\"result_box\" lang=\"en\" tabindex=\"-1\"><strong>Integrity.<\/strong> The respect of the scientific code of ethics is a fundamental requirement for us. CARAA is committed to avoid any conflict of interest.<\/span><\/p>\n<p><span id=\"result_box\" lang=\"en\" tabindex=\"-1\"><strong>Excellence.<\/strong> With our experience and our training, we are committed to providing high quality results for the analysis of the objects that you submit. All stages of the analysis were the subject of specific and validated procedures. CARAA implements the most appropriate methods to carry out the projects.<\/span><\/p>\n<p><span id=\"result_box\" lang=\"en\" tabindex=\"-1\"><strong>Innovation.<\/strong> CARAA offers a consulting service and a support to our key partners in order to enable them to realize their research project. It also develops alliances with leading research centers to reach clear readings of the submitted problematics.<\/span>[\/vc_column_text][vc_text_separator title=&#8221;Our clients&#8221;][vc_column_text]<\/p>\n<ul>\n<li><strong>Institutional<\/strong> (e.g.: Mus\u00e9e du Louvre, Mus\u00e9e National d\u2019Art Moderne, Mus\u00e9e des BA de Nantes, Mus\u00e9e Fabre, Mus\u00e9e de Nancy, Mus\u00e9e Barbier, Mus\u00e9e Getty, CNRS, Mus\u00e9um National d\u2019Histoire Naturelle, \u2026)<\/li>\n<li class=\"div-content\"><strong>Administrations<\/strong> (e.g.: CG de l\u2019Aisne, CG de Mayenne, municipalit\u00e9 de Montb\u00e9liard, Nantes, Baug\u00e9, Le Pecq \u2026)<\/li>\n<li class=\"div-content\"><strong>Monuments and churches <\/strong>(e.g.: la Suze, Th\u00e9m\u00e9ricourt, Giverny, St Andr\u00e9 de Mane, Cath\u00e9drale de La Chaise-Dieu \u2026)<\/li>\n<li class=\"div-content\"><strong>Archaeologists <\/strong>(INRAP, \u00c9cole Fran\u00e7aise de Rome, ENS, \u2026)<\/li>\n<li class=\"div-content\"><strong>Restorers, Conservators and Curators<\/strong><\/li>\n<li class=\"div-content\"><strong>Art Galleries <\/strong>(France, Belgique, Pays-bas, UK, USA, Italie, Espagne, \u2026)<\/li>\n<li class=\"div-content\"><strong>Auction houses <\/strong>(e.g.: <a href=\"https:\/\/www.christies.com\/\" target=\"_blank\" rel=\"noopener noreferrer\">Christies<\/a>, <a href=\"https:\/\/www.sothebys.com\/en\/\" target=\"_blank\" rel=\"noopener noreferrer\">Sotheby\u2019s<\/a>, <a href=\"https:\/\/www.aguttes.com\/\" target=\"_blank\" rel=\"noopener noreferrer\">Aguttes<\/a>, <a href=\"http:\/\/www.alde.fr\/\" target=\"_blank\" rel=\"noopener noreferrer\">Alde<\/a>, \u2026)<\/li>\n<li class=\"div-content\"><strong>Industrials<\/strong> (e.g.: Yves Rocher, Cementys, Armcor, \u2026)<\/li>\n<li class=\"div-content\"><strong>Privates<\/strong>.<\/li>\n<\/ul>\n<p>[\/vc_column_text][\/vc_column][\/vc_row]<\/p>\n<\/div>","protected":false},"excerpt":{"rendered":"<p>[vc_row][vc_column][vc_column_text]CARAA is an analytical research unit which applies the most suitable and modern physico-chemical techniques existing for cultural heritage and art market in order to answer questions related to the conservation, restoration, dating, characterization or authentication of art objects. The main lines of research developed at CARAA: &#8211; Material characterization and degradation phenomena study. &#8211;&hellip;<\/p>\n","protected":false},"author":6,"featured_media":0,"parent":0,"menu_order":0,"comment_status":"closed","ping_status":"open","template":"","meta":{"_acf_changed":false,"ngg_post_thumbnail":0,"_FSMCFIC_featured_image_caption":"","_FSMCFIC_featured_image_nocaption":null,"_FSMCFIC_featured_image_hide":null,"footnotes":""},"class_list":["post-8086","page","type-page","status-publish","hentry","description-off"],"acf":[],"yoast_head":"<!-- This site is optimized with the Yoast SEO plugin v27.4 - https:\/\/yoast.com\/product\/yoast-seo-wordpress\/ -->\n<title>Who we are, our values, our clients. A description of CARAA<\/title>\n<meta name=\"description\" content=\"Our clients : Institutions, restorers, conservators, archaeologists ... Our values : Privacy, Integrity, Excellence, Innovation;\" \/>\n<meta name=\"robots\" content=\"index, follow, max-snippet:-1, max-image-preview:large, max-video-preview:-1\" \/>\n<link rel=\"canonical\" href=\"https:\/\/www.caraa.fr\/en\/who-we-are\/\" \/>\n<meta property=\"og:locale\" content=\"en_US\" \/>\n<meta property=\"og:type\" content=\"article\" \/>\n<meta property=\"og:title\" content=\"Who we are, our values, our clients. A description of CARAA\" \/>\n<meta property=\"og:description\" content=\"Our clients : Institutions, restorers, conservators, archaeologists ... Our values : Privacy, Integrity, Excellence, Innovation;\" \/>\n<meta property=\"og:url\" content=\"https:\/\/www.caraa.fr\/en\/who-we-are\/\" \/>\n<meta property=\"og:site_name\" content=\"CARAA\" \/>\n<meta property=\"article:publisher\" content=\"https:\/\/www.facebook.com\/LaboratoireCaraa\/\" \/>\n<meta property=\"article:modified_time\" content=\"2022-07-08T10:53:34+00:00\" \/>\n<meta name=\"twitter:card\" content=\"summary_large_image\" \/>\n<meta name=\"twitter:site\" content=\"@CARAA_Center\" \/>\n<meta name=\"twitter:label1\" content=\"Est. reading time\" \/>\n\t<meta name=\"twitter:data1\" content=\"3 minutes\" \/>\n<script type=\"application\/ld+json\" class=\"yoast-schema-graph\">{\"@context\":\"https:\\\/\\\/schema.org\",\"@graph\":[{\"@type\":\"WebPage\",\"@id\":\"https:\\\/\\\/www.caraa.fr\\\/en\\\/who-we-are\\\/\",\"url\":\"https:\\\/\\\/www.caraa.fr\\\/en\\\/who-we-are\\\/\",\"name\":\"Who we are, our values, our clients. A description of CARAA\",\"isPartOf\":{\"@id\":\"https:\\\/\\\/www.caraa.fr\\\/en\\\/#website\"},\"datePublished\":\"2014-09-18T15:48:55+00:00\",\"dateModified\":\"2022-07-08T10:53:34+00:00\",\"description\":\"Our clients : Institutions, restorers, conservators, archaeologists ... Our values : Privacy, Integrity, Excellence, Innovation;\",\"inLanguage\":\"en-US\",\"potentialAction\":[{\"@type\":\"ReadAction\",\"target\":[\"https:\\\/\\\/www.caraa.fr\\\/en\\\/who-we-are\\\/\"]}]},{\"@type\":\"WebSite\",\"@id\":\"https:\\\/\\\/www.caraa.fr\\\/en\\\/#website\",\"url\":\"https:\\\/\\\/www.caraa.fr\\\/en\\\/\",\"name\":\"CARAA\",\"description\":\"Centre d&#039;Analyses et de Recherche en Art et Arch\u00e9ologie\",\"publisher\":{\"@id\":\"https:\\\/\\\/www.caraa.fr\\\/en\\\/#organization\"},\"potentialAction\":[{\"@type\":\"SearchAction\",\"target\":{\"@type\":\"EntryPoint\",\"urlTemplate\":\"https:\\\/\\\/www.caraa.fr\\\/en\\\/?s={search_term_string}\"},\"query-input\":{\"@type\":\"PropertyValueSpecification\",\"valueRequired\":true,\"valueName\":\"search_term_string\"}}],\"inLanguage\":\"en-US\"},{\"@type\":\"Organization\",\"@id\":\"https:\\\/\\\/www.caraa.fr\\\/en\\\/#organization\",\"name\":\"CARAA - Centre d'Analyses et de Recherche en Art et Arch\u00e9ologie\",\"url\":\"https:\\\/\\\/www.caraa.fr\\\/en\\\/\",\"logo\":{\"@type\":\"ImageObject\",\"inLanguage\":\"en-US\",\"@id\":\"https:\\\/\\\/www.caraa.fr\\\/en\\\/#\\\/schema\\\/logo\\\/image\\\/\",\"url\":\"https:\\\/\\\/www.caraa.fr\\\/wp-content\\\/uploads\\\/2023\\\/03\\\/logoCaraa.png\",\"contentUrl\":\"https:\\\/\\\/www.caraa.fr\\\/wp-content\\\/uploads\\\/2023\\\/03\\\/logoCaraa.png\",\"width\":221,\"height\":76,\"caption\":\"CARAA - Centre d'Analyses et de Recherche en Art et Arch\u00e9ologie\"},\"image\":{\"@id\":\"https:\\\/\\\/www.caraa.fr\\\/en\\\/#\\\/schema\\\/logo\\\/image\\\/\"},\"sameAs\":[\"https:\\\/\\\/www.facebook.com\\\/LaboratoireCaraa\\\/\",\"https:\\\/\\\/x.com\\\/CARAA_Center\",\"https:\\\/\\\/www.linkedin.com\\\/company-beta\\\/784247\\\/\"]}]}<\/script>\n<!-- \/ Yoast SEO plugin. -->","yoast_head_json":{"title":"Who we are, our values, our clients. A description of CARAA","description":"Our clients : Institutions, restorers, conservators, archaeologists ... Our values : Privacy, Integrity, Excellence, Innovation;","robots":{"index":"index","follow":"follow","max-snippet":"max-snippet:-1","max-image-preview":"max-image-preview:large","max-video-preview":"max-video-preview:-1"},"canonical":"https:\/\/www.caraa.fr\/en\/who-we-are\/","og_locale":"en_US","og_type":"article","og_title":"Who we are, our values, our clients. A description of CARAA","og_description":"Our clients : Institutions, restorers, conservators, archaeologists ... Our values : Privacy, Integrity, Excellence, Innovation;","og_url":"https:\/\/www.caraa.fr\/en\/who-we-are\/","og_site_name":"CARAA","article_publisher":"https:\/\/www.facebook.com\/LaboratoireCaraa\/","article_modified_time":"2022-07-08T10:53:34+00:00","twitter_card":"summary_large_image","twitter_site":"@CARAA_Center","twitter_misc":{"Est. reading time":"3 minutes"},"schema":{"@context":"https:\/\/schema.org","@graph":[{"@type":"WebPage","@id":"https:\/\/www.caraa.fr\/en\/who-we-are\/","url":"https:\/\/www.caraa.fr\/en\/who-we-are\/","name":"Who we are, our values, our clients. A description of CARAA","isPartOf":{"@id":"https:\/\/www.caraa.fr\/en\/#website"},"datePublished":"2014-09-18T15:48:55+00:00","dateModified":"2022-07-08T10:53:34+00:00","description":"Our clients : Institutions, restorers, conservators, archaeologists ... Our values : Privacy, Integrity, Excellence, Innovation;","inLanguage":"en-US","potentialAction":[{"@type":"ReadAction","target":["https:\/\/www.caraa.fr\/en\/who-we-are\/"]}]},{"@type":"WebSite","@id":"https:\/\/www.caraa.fr\/en\/#website","url":"https:\/\/www.caraa.fr\/en\/","name":"CARAA","description":"Centre d&#039;Analyses et de Recherche en Art et Arch\u00e9ologie","publisher":{"@id":"https:\/\/www.caraa.fr\/en\/#organization"},"potentialAction":[{"@type":"SearchAction","target":{"@type":"EntryPoint","urlTemplate":"https:\/\/www.caraa.fr\/en\/?s={search_term_string}"},"query-input":{"@type":"PropertyValueSpecification","valueRequired":true,"valueName":"search_term_string"}}],"inLanguage":"en-US"},{"@type":"Organization","@id":"https:\/\/www.caraa.fr\/en\/#organization","name":"CARAA - Centre d'Analyses et de Recherche en Art et Arch\u00e9ologie","url":"https:\/\/www.caraa.fr\/en\/","logo":{"@type":"ImageObject","inLanguage":"en-US","@id":"https:\/\/www.caraa.fr\/en\/#\/schema\/logo\/image\/","url":"https:\/\/www.caraa.fr\/wp-content\/uploads\/2023\/03\/logoCaraa.png","contentUrl":"https:\/\/www.caraa.fr\/wp-content\/uploads\/2023\/03\/logoCaraa.png","width":221,"height":76,"caption":"CARAA - Centre d'Analyses et de Recherche en Art et Arch\u00e9ologie"},"image":{"@id":"https:\/\/www.caraa.fr\/en\/#\/schema\/logo\/image\/"},"sameAs":["https:\/\/www.facebook.com\/LaboratoireCaraa\/","https:\/\/x.com\/CARAA_Center","https:\/\/www.linkedin.com\/company-beta\/784247\/"]}]}},"_links":{"self":[{"href":"https:\/\/www.caraa.fr\/en\/wp-json\/wp\/v2\/pages\/8086","targetHints":{"allow":["GET"]}}],"collection":[{"href":"https:\/\/www.caraa.fr\/en\/wp-json\/wp\/v2\/pages"}],"about":[{"href":"https:\/\/www.caraa.fr\/en\/wp-json\/wp\/v2\/types\/page"}],"author":[{"embeddable":true,"href":"https:\/\/www.caraa.fr\/en\/wp-json\/wp\/v2\/users\/6"}],"replies":[{"embeddable":true,"href":"https:\/\/www.caraa.fr\/en\/wp-json\/wp\/v2\/comments?post=8086"}],"version-history":[{"count":0,"href":"https:\/\/www.caraa.fr\/en\/wp-json\/wp\/v2\/pages\/8086\/revisions"}],"wp:attachment":[{"href":"https:\/\/www.caraa.fr\/en\/wp-json\/wp\/v2\/media?parent=8086"}],"curies":[{"name":"wp","href":"https:\/\/api.w.org\/{rel}","templated":true}]}}